{"id":139,"date":"2026-04-12T19:48:09","date_gmt":"2026-04-12T19:48:09","guid":{"rendered":"https:\/\/ruyaibnsirine.com\/?page_id=139"},"modified":"2026-04-12T21:14:41","modified_gmt":"2026-04-12T21:14:41","slug":"test2-ai-engine","status":"publish","type":"page","link":"https:\/\/ruyaibnsirine.com\/en\/test2-ai-engine\/","title":{"rendered":"Interpr\u00e9tation des r\u00eaves"},"content":{"rendered":"<section class=\"ruya-ai-page\">\n  <div class=\"ruya-ai-wrap\">\n\n    <div class=\"ruya-ai-head\">\n      <h1>Interpr\u00e9tation des r\u00eaves<\/h1>\n      <p>\n        D\u00e9crivez votre r\u00eave avec pr\u00e9cision pour obtenir une lecture sobre et prudente.\n      <\/p>\n    <\/div>\n\n    <div class=\"ruya-ai-chatbox\">\n      <div class='mwai-chatbot-container' data-params='{&quot;aiName&quot;:&quot;Ruya :&quot;,&quot;userName&quot;:&quot;User: &quot;,&quot;guestName&quot;:&quot;Guest:&quot;,&quot;aiAvatar&quot;:true,&quot;userAvatar&quot;:true,&quot;guestAvatar&quot;:true,&quot;aiAvatarUrl&quot;:&quot;https:\\\/\\\/ruyaibnsirine.com\\\/wp-content\\\/uploads\\\/2026\\\/04\\\/Interpretation-des-reves-antiques.png&quot;,&quot;guestAvatarUrl&quot;:&quot;avatar-user.svg&quot;,&quot;textSend&quot;:&quot;Send&quot;,&quot;textClear&quot;:&quot;Clear&quot;,&quot;imageUpload&quot;:false,&quot;fileUpload&quot;:false,&quot;multiUpload&quot;:false,&quot;maxUploads&quot;:1,&quot;fileUploads&quot;:0,&quot;mode&quot;:&quot;chat&quot;,&quot;textInputPlaceholder&quot;:&quot;D\\u00e9crivez votre r\\u00eave ici avec pr\\u00e9cision\\u2026&quot;,&quot;textInputMaxLength&quot;:512,&quot;textCompliance&quot;:&quot;&quot;,&quot;startSentence&quot;:&quot;D\\u00e9crivez votre r\\u00eave avec pr\\u00e9cision. Une interpr\\u00e9tation mesur\\u00e9e, inspir\\u00e9e de la tradition islamique attribu\\u00e9e \\u00e0 Ibn Sirine, vous sera propos\\u00e9e.&quot;,&quot;localMemory&quot;:true,&quot;themeId&quot;:&quot;chatgpt&quot;,&quot;window&quot;:false,&quot;icon&quot;:&quot;&quot;,&quot;iconText&quot;:&quot;&quot;,&quot;iconTextDelay&quot;:1,&quot;iconAlt&quot;:&quot;AI Engine Chatbot&quot;,&quot;iconPosition&quot;:&quot;bottom-right&quot;,&quot;centerOpen&quot;:false,&quot;width&quot;:&quot;&quot;,&quot;openDelay&quot;:&quot;&quot;,&quot;iconBubble&quot;:false,&quot;windowAnimation&quot;:&quot;zoom&quot;,&quot;fullscreen&quot;:true,&quot;copyButton&quot;:true,&quot;headerSubtitle&quot;:&quot;Discuss with&quot;,&quot;containerType&quot;:&quot;standard&quot;,&quot;headerType&quot;:&quot;standard&quot;,&quot;messagesType&quot;:&quot;standard&quot;,&quot;inputType&quot;:&quot;standard&quot;,&quot;footerType&quot;:&quot;standard&quot;}' data-system='{&quot;botId&quot;:&quot;chatbot-jgr6pv&quot;,&quot;customId&quot;:null,&quot;userData&quot;:null,&quot;sessionId&quot;:&quot;69de7199ada18&quot;,&quot;restNonce&quot;:null,&quot;contextId&quot;:null,&quot;pluginUrl&quot;:&quot;https:\\\/\\\/ruyaibnsirine.com\\\/wp-content\\\/plugins\\\/ai-engine&quot;,&quot;restUrl&quot;:&quot;https:\\\/\\\/ruyaibnsirine.com\\\/en\\\/wp-json&quot;,&quot;stream&quot;:true,&quot;debugMode&quot;:false,&quot;eventLogs&quot;:false,&quot;speech_recognition&quot;:false,&quot;speech_synthesis&quot;:false,&quot;typewriter&quot;:false,&quot;crossSite&quot;:false,&quot;actions&quot;:[],&quot;blocks&quot;:[],&quot;shortcuts&quot;:[]}' data-theme='{&quot;type&quot;:&quot;internal&quot;,&quot;name&quot;:&quot;ChatGPT&quot;,&quot;themeId&quot;:&quot;chatgpt&quot;,&quot;settings&quot;:{&quot;borderRadius&quot;:&quot;14px&quot;,&quot;borderColor&quot;:&quot;#2f3658&quot;,&quot;backgroundPrimaryColor&quot;:&quot;#3f4b7a&quot;,&quot;backgroundSecondaryColor&quot;:&quot;#1a234d&quot;,&quot;fontFamily&quot;:&quot;Georgia, serif&quot;,&quot;accentColor&quot;:&quot;#d6b15a&quot;,&quot;iconTextBackgroundColor&quot;:&quot;#1b244f&quot;,&quot;iconTextColor&quot;:&quot;#F5F5F5&quot;,&quot;backgroundHeaderColor&quot;:&quot;#1a234d&quot;,&quot;bubbleColor&quot;:&quot;#071078&quot;},&quot;style&quot;:&quot;&quot;,&quot;cssUrl&quot;:&quot;https:\\\/\\\/ruyaibnsirine.com\\\/wp-content\\\/plugins\\\/ai-engine\\\/themes\\\/chatgpt.css&quot;}'><\/div>\n    <\/div>\n\n  <\/div>\n<\/section>\n\n<style>\n  .ruya-ai-page{\n    background: linear-gradient(180deg, #07152f 0%, #0b1f47 100%);\n    padding: 60px 20px 80px;\n    min-height: 100vh;\n  }\n\n  .ruya-ai-wrap{\n    max-width: 920px;\n    margin: 0 auto;\n  }\n\n  .ruya-ai-head{\n    text-align: center;\n    margin-bottom: 28px;\n  }\n\n  .ruya-ai-head h1{\n    margin: 0 0 12px;\n    color: #f5efe3;\n    font-size: 42px;\n    line-height: 1.15;\n    font-weight: 700;\n  }\n\n  .ruya-ai-head p{\n    margin: 0 auto;\n    max-width: 760px;\n    color: #d8dfeb;\n    font-size: 20px;\n    line-height: 1.6;\n  }\n\n  .ruya-ai-chatbox{\n    background: rgba(8, 20, 50, 0.78);\n    border: 1px solid rgba(201, 162, 72, 0.25);\n    border-radius: 22px;\n    padding: 22px;\n    box-shadow: 0 18px 45px rgba(0,0,0,0.22);\n  }\n\n  .ruya-ai-chatbox .mwai-chat,\n  .ruya-ai-chatbox .mwai-chatbot,\n  .ruya-ai-chatbox .mwai-chatbot-container,\n  .ruya-ai-chatbox .mwai-window,\n  .ruya-ai-chatbox .mwai-open-button{\n    width: 100% !important;\n    max-width: 100% !important;\n  }\n\n  .ruya-ai-chatbox .mwai-chat{\n    background: transparent !important;\n    border: none !important;\n    box-shadow: none !important;\n  }\n\n  .ruya-ai-chatbox .mwai-messages{\n    background: transparent !important;\n  }\n\n  .ruya-ai-chatbox .mwai-input{\n    background: transparent !important;\n    border-top: 1px solid rgba(201, 162, 72, 0.18) !important;\n    padding-top: 14px !important;\n  }\n\n  .ruya-ai-chatbox textarea,\n  .ruya-ai-chatbox input{\n    background: rgba(255,255,255,0.08) !important;\n    color: #f5efe3 !important;\n    border: 1px solid rgba(201, 162, 72, 0.24) !important;\n    border-radius: 14px !important;\n  }\n\n  .ruya-ai-chatbox textarea::placeholder,\n  .ruya-ai-chatbox input::placeholder{\n    color: #cdd6e6 !important;\n  }\n\n  .ruya-ai-chatbox button,\n  .ruya-ai-chatbox .mwai-button,\n  .ruya-ai-chatbox .mwai-submit{\n    background: #c9a248 !important;\n    color: #ffffff !important;\n    border: none !important;\n    border-radius: 999px !important;\n  }\n\n  @media (max-width: 768px){\n    .ruya-ai-page{\n      padding: 45px 16px 60px;\n    }\n\n    .ruya-ai-head h1{\n      font-size: 32px;\n    }\n\n    .ruya-ai-head p{\n      font-size: 17px;\n    }\n\n    .ruya-ai-chatbox{\n      padding: 16px;\n      border-radius: 18px;\n    }\n  }\n<\/style>","protected":false},"excerpt":{"rendered":"<p>Interpr\u00e9tation des r\u00eaves D\u00e9crivez votre r\u00eave avec pr\u00e9cision pour obtenir une lecture sobre et prudente.<\/p>","protected":false},"author":1,"featured_media":0,"parent":0,"menu_order":0,"comment_status":"closed","ping_status":"closed","template":"","meta":{"_et_pb_use_builder":"off","_et_pb_old_content":"","_et_gb_content_width":"1080","footnotes":""},"class_list":["post-139","page","type-page","status-publish","hentry"],"_links":{"self":[{"href":"https:\/\/ruyaibnsirine.com\/en\/wp-json\/wp\/v2\/pages\/139","targetHints":{"allow":["GET"]}}],"collection":[{"href":"https:\/\/ruyaibnsirine.com\/en\/wp-json\/wp\/v2\/pages"}],"about":[{"href":"https:\/\/ruyaibnsirine.com\/en\/wp-json\/wp\/v2\/types\/page"}],"author":[{"embeddable":true,"href":"https:\/\/ruyaibnsirine.com\/en\/wp-json\/wp\/v2\/users\/1"}],"replies":[{"embeddable":true,"href":"https:\/\/ruyaibnsirine.com\/en\/wp-json\/wp\/v2\/comments?post=139"}],"version-history":[{"count":9,"href":"https:\/\/ruyaibnsirine.com\/en\/wp-json\/wp\/v2\/pages\/139\/revisions"}],"predecessor-version":[{"id":151,"href":"https:\/\/ruyaibnsirine.com\/en\/wp-json\/wp\/v2\/pages\/139\/revisions\/151"}],"wp:attachment":[{"href":"https:\/\/ruyaibnsirine.com\/en\/wp-json\/wp\/v2\/media?parent=139"}],"curies":[{"name":"wp","href":"https:\/\/api.w.org\/{rel}","templated":true}]}}