{"id":17,"date":"2026-04-03T12:08:05","date_gmt":"2026-04-03T12:08:05","guid":{"rendered":"https:\/\/ruyaibnsirine.com\/?page_id=17"},"modified":"2026-04-07T17:43:53","modified_gmt":"2026-04-07T17:43:53","slug":"accueil-premium","status":"publish","type":"page","link":"https:\/\/ruyaibnsirine.com\/en\/","title":{"rendered":"Accueil Premium"},"content":{"rendered":"<p>[et_pb_section fb_built=\u00a0\u00bb1&Prime; _builder_version=\u00a0\u00bb4.27.6&Prime; _module_preset=\u00a0\u00bbdefault\u00a0\u00bb global_colors_info=\u00a0\u00bb{}\u00a0\u00bb][et_pb_row _builder_version=\u00a0\u00bb4.27.6&Prime; _module_preset=\u00a0\u00bbdefault\u00a0\u00bb global_colors_info=\u00a0\u00bb{}\u00a0\u00bb][et_pb_column type=\u00a0\u00bb4_4&Prime; _builder_version=\u00a0\u00bb4.27.6&Prime; _module_preset=\u00a0\u00bbdefault\u00a0\u00bb global_colors_info=\u00a0\u00bb{}\u00a0\u00bb][et_pb_code _builder_version=\u00a0\u00bb4.27.6&Prime; _module_preset=\u00a0\u00bbdefault\u00a0\u00bb global_colors_info=\u00a0\u00bb{}\u00a0\u00bb]<\/p>\n<div style=\"background:linear-gradient(180deg,#08111f 0%,#0b1c3d 55%,#10284f 100%); padding:110px 20px 90px 20px; text-align:center; font-family:Arial, sans-serif; position:relative; overflow:hidden;\"><!-- [et_pb_line_break_holder] --><!-- [et_pb_line_break_holder] --><\/p>\n<div style=\"text-align:center; margin-bottom:30px; position:relative; z-index:2;\"><!-- [et_pb_line_break_holder] -->  <img decoding=\"async\" src=\"https:\/\/ruyaibnsirine.com\/wp-content\/uploads\/2026\/04\/Logo-plus-Ruya-Ibn-Sirine.png\" alt=\"Ru\u2019ya Ibn Sirine\" style=\"max-width:260px; width:100%; height:auto;\"><!-- [et_pb_line_break_holder] --><\/div>\n<p>  <!-- [et_pb_line_break_holder] -->  <!-- [et_pb_line_break_holder] -->  <\/p>\n<div style=\"position:absolute; top:60px; left:8%; width:140px; height:140px; background:rgba(255,215,130,0.10); border-radius:50%; filter:blur(40px);\"><\/div>\n<p><!-- [et_pb_line_break_holder] -->  <\/p>\n<div style=\"position:absolute; top:120px; right:10%; width:180px; height:180px; background:rgba(255,255,255,0.06); border-radius:50%; filter:blur(55px);\"><\/div>\n<p><!-- [et_pb_line_break_holder] -->  <\/p>\n<div style=\"position:absolute; bottom:40px; left:50%; transform:translateX(-50%); width:320px; height:320px; background:rgba(255,214,102,0.07); border-radius:50%; filter:blur(80px);\"><\/div>\n<p><!-- [et_pb_line_break_holder] --><!-- [et_pb_line_break_holder] -->  <\/p>\n<div style=\"max-width:950px; margin:0 auto; position:relative; z-index:2;\"><!-- [et_pb_line_break_holder] --><!-- [et_pb_line_break_holder] -->    <\/p>\n<div style=\"display:inline-block; padding:8px 18px; border:1px solid rgba(255,255,255,0.16); border-radius:999px; color:#d8e4ff; font-size:14px; letter-spacing:0.4px; margin-bottom:28px; background:rgba(255,255,255,0.04);\"><!-- [et_pb_line_break_holder] -->      Interpr\u00e9tation des r\u00eaves selon Ibn Sirine<!-- [et_pb_line_break_holder] -->    <\/div>\n<p><!-- [et_pb_line_break_holder] --><!-- [et_pb_line_break_holder] -->    <\/p>\n<h1 style=\"font-size:46px; line-height:1.2; color:#ffffff; margin:0 0 22px 0; font-weight:700;\"><!-- [et_pb_line_break_holder] -->      Donnez un sens \u00e0 vos songes<!\u2013- [et_pb_br_holder] -\u2013><!-- [et_pb_line_break_holder] -->      <span style=\"color:#f4d58d;\">dans la lumi\u00e8re de la tradition islamique<\/span><!-- [et_pb_line_break_holder] -->    <\/h1>\n<p><!-- [et_pb_line_break_holder] --><!-- [et_pb_line_break_holder] -->    <pee style=\"font-size:19px; line-height:1.9; color:#dbe4f3; max-width:780px; margin:0 auto 34px auto;\"><!-- [et_pb_line_break_holder] -->      La nuit porte ses signes, ses images, ses myst\u00e8res. Ru\u2019ya Ibn Sirine vous propose une lecture sobre, respectueuse et prudente des r\u00eaves, inspir\u00e9e des r\u00e9f\u00e9rences classiques attribu\u00e9es \u00e0 Ibn Sirine.<!-- [et_pb_line_break_holder] -->    <\/pee><!-- [et_pb_line_break_holder] --><!-- [et_pb_line_break_holder] -->    <\/p>\n<div style=\"display:flex; justify-content:center; gap:16px; flex-wrap:wrap; margin-bottom:38px;\"><!-- [et_pb_line_break_holder] -->      <a href=\"#\" style=\"background:#1d7c4d; color:#ffffff; padding:15px 30px; border-radius:12px; text-decoration:none; font-size:17px; font-weight:600; display:inline-block; box-shadow:0 12px 30px rgba(0,0,0,0.20);\"><!-- [et_pb_line_break_holder] -->        Interpr\u00e9ter mon r\u00eave<!-- [et_pb_line_break_holder] -->      <\/a><!-- [et_pb_line_break_holder] -->      <a href=\"#\" style=\"background:rgba(255,255,255,0.05); color:#ffffff; padding:15px 30px; border-radius:12px; text-decoration:none; font-size:17px; font-weight:600; display:inline-block; border:1px solid rgba(255,255,255,0.14);\"><!-- [et_pb_line_break_holder] -->        D\u00e9couvrir la m\u00e9thode<!-- [et_pb_line_break_holder] -->      <\/a><!-- [et_pb_line_break_holder] -->    <\/div>\n<p><!-- [et_pb_line_break_holder] --><!-- [et_pb_line_break_holder] -->    <\/p>\n<div style=\"display:flex; justify-content:center; gap:18px; flex-wrap:wrap; max-width:950px; margin:0 auto;\"><!-- [et_pb_line_break_holder] -->      <\/p>\n<div style=\"background:rgba(255,255,255,0.05); border:1px solid rgba(255,255,255,0.08); border-radius:16px; padding:18px 20px; min-width:220px; color:#e9eef8;\"><!-- [et_pb_line_break_holder] -->        <\/p>\n<div style=\"font-size:15px; color:#f4d58d; margin-bottom:6px;\">Lecture prudente<\/div>\n<p><!-- [et_pb_line_break_holder] -->        <\/p>\n<div style=\"font-size:15px; line-height:1.7;\">Ni pr\u00e9diction absolue, ni v\u00e9rit\u00e9 impos\u00e9e<\/div>\n<p><!-- [et_pb_line_break_holder] -->      <\/div>\n<p><!-- [et_pb_line_break_holder] --><!-- [et_pb_line_break_holder] -->      <\/p>\n<div style=\"background:rgba(255,255,255,0.05); border:1px solid rgba(255,255,255,0.08); border-radius:16px; padding:18px 20px; min-width:220px; color:#e9eef8;\"><!-- [et_pb_line_break_holder] -->        <\/p>\n<div style=\"font-size:15px; color:#f4d58d; margin-bottom:6px;\">R\u00e9f\u00e9rences classiques<\/div>\n<p><!-- [et_pb_line_break_holder] -->        <\/p>\n<div style=\"font-size:15px; line-height:1.7;\">Approche inspir\u00e9e des sources attribu\u00e9es \u00e0 Ibn Sirine<\/div>\n<p><!-- [et_pb_line_break_holder] -->      <\/div>\n<p><!-- [et_pb_line_break_holder] --><!-- [et_pb_line_break_holder] -->      <\/p>\n<div style=\"background:rgba(255,255,255,0.05); border:1px solid rgba(255,255,255,0.08); border-radius:16px; padding:18px 20px; min-width:220px; color:#e9eef8;\"><!-- [et_pb_line_break_holder] -->        <\/p>\n<div style=\"font-size:15px; color:#f4d58d; margin-bottom:6px;\">Acc\u00e8s simple<\/div>\n<p><!-- [et_pb_line_break_holder] -->        <\/p>\n<div style=\"font-size:15px; line-height:1.7;\">Une question gratuite pour commencer<\/div>\n<p><!-- [et_pb_line_break_holder] -->      <\/div>\n<p><!-- [et_pb_line_break_holder] -->    <\/div>\n<p><!-- [et_pb_line_break_holder] --><!-- [et_pb_line_break_holder] -->  <\/div>\n<p><!-- [et_pb_line_break_holder] --><\/div>\n<p>[\/et_pb_code][et_pb_code _builder_version=\u00a0\u00bb4.27.6&Prime; _module_preset=\u00a0\u00bbdefault\u00a0\u00bb global_colors_info=\u00a0\u00bb{}\u00a0\u00bb]<\/p>\n<div style=\"background:#ffffff; padding:95px 20px; text-align:center; font-family:Arial, sans-serif;\"><!-- [et_pb_line_break_holder] -->  <\/p>\n<div style=\"max-width:900px; margin:0 auto;\"><!-- [et_pb_line_break_holder] -->    <\/p>\n<h2 style=\"font-size:34px; color:#0B1C3D; margin-bottom:22px;\"><!-- [et_pb_line_break_holder] -->      Avant toute interpr\u00e9tation<!-- [et_pb_line_break_holder] -->    <\/h2>\n<p><!-- [et_pb_line_break_holder] --><!-- [et_pb_line_break_holder] -->    <pee style=\"font-size:18px; color:#555; line-height:1.9; margin-bottom:24px;\"><!-- [et_pb_line_break_holder] -->      Conform\u00e9ment \u00e0 la tradition islamique, les r\u00eaves sont de trois types : un r\u00eave v\u00e9ridique venant d\u2019Allah, un r\u00eave troublant venant de Shay\u1e6d\u0101n, et un r\u00eave issu des pens\u00e9es de l\u2019\u00e2me.<!-- [et_pb_line_break_holder] -->    <\/pee><!-- [et_pb_line_break_holder] --><!-- [et_pb_line_break_holder] -->    <pee style=\"font-size:18px; color:#555; line-height:1.9; margin-bottom:24px;\"><!-- [et_pb_line_break_holder] -->      Le r\u00eave ne constitue pas une source de loi, ne cr\u00e9e aucune obligation religieuse et ne modifie ni le licite ni l\u2019illicite.<!-- [et_pb_line_break_holder] -->    <\/pee><!-- [et_pb_line_break_holder] --><!-- [et_pb_line_break_holder] -->    <\/p>\n<div style=\"background:#f8fafc; border:1px solid #e7edf5; border-radius:18px; padding:32px 24px; text-align:left; max-width:760px; margin:35px auto 0 auto; box-shadow:0 10px 30px rgba(11,28,61,0.05);\"><!-- [et_pb_line_break_holder] -->      <\/p>\n<h3 style=\"font-size:24px; color:#0B1C3D; margin-top:0; margin-bottom:18px; text-align:center;\"><!-- [et_pb_line_break_holder] -->        Pour une lecture selon Ibn Sirine<!-- [et_pb_line_break_holder] -->      <\/h3>\n<p><!-- [et_pb_line_break_holder] -->      <pee style=\"font-size:17px; color:#555; line-height:1.8; margin-bottom:10px;\">Merci d\u2019indiquer :<\/pee><!-- [et_pb_line_break_holder] -->      <pee style=\"font-size:17px; color:#555; line-height:1.9; margin:0;\"><!-- [et_pb_line_break_holder] -->        \u2022 ce que vous avez vu : personnes, lieux, objets, actions<!\u2013- [et_pb_br_holder] -\u2013><!-- [et_pb_line_break_holder] -->        \u2022 ce que vous avez ressenti : peur, paix, joie, confusion<!\u2013- [et_pb_br_holder] -\u2013><!-- [et_pb_line_break_holder] -->        \u2022 votre situation g\u00e9n\u00e9rale si elle est utile, sans entrer dans des d\u00e9tails priv\u00e9s<!-- [et_pb_line_break_holder] -->      <\/pee><!-- [et_pb_line_break_holder] -->    <\/div>\n<p><!-- [et_pb_line_break_holder] -->  <\/div>\n<p><!-- [et_pb_line_break_holder] --><\/div>\n<p>[\/et_pb_code][et_pb_code _builder_version=\u00a0\u00bb4.27.6&Prime; _module_preset=\u00a0\u00bbdefault\u00a0\u00bb hover_enabled=\u00a0\u00bb0&Prime; global_colors_info=\u00a0\u00bb{}\u00a0\u00bb sticky_enabled=\u00a0\u00bb0&Prime;]<\/p>\n<div style=\"background:#0b1c3d; padding:100px 20px; text-align:center; font-family:Arial, sans-serif;\"><!-- [et_pb_line_break_holder] --><!-- [et_pb_line_break_holder] -->  <\/p>\n<h2 style=\"font-size:34px; color:#ffffff; margin-bottom:20px;\"><!-- [et_pb_line_break_holder] -->    Nos acc\u00e8s<!-- [et_pb_line_break_holder] -->  <\/h2>\n<p><!-- [et_pb_line_break_holder] --><!-- [et_pb_line_break_holder] -->  <pee style=\"font-size:18px; color:#cfd8ea; margin-bottom:50px;\"><!-- [et_pb_line_break_holder] -->    Une exp\u00e9rience simple, accessible et respectueuse<!-- [et_pb_line_break_holder] -->  <\/pee><!-- [et_pb_line_break_holder] --><!-- [et_pb_line_break_holder] -->  <\/p>\n<div style=\"display:flex; justify-content:center; gap:30px; flex-wrap:wrap;\"><!-- [et_pb_line_break_holder] --><!-- [et_pb_line_break_holder] -->    <\/p>\n<div style=\"background:#ffffff; padding:35px; border-radius:16px; width:280px; box-shadow:0 15px 40px rgba(0,0,0,0.15);\"><!-- [et_pb_line_break_holder] -->      <\/p>\n<h3 style=\"color:#1D7C4D; font-size:24px; margin-bottom:12px;\">D\u00e9couverte<\/h3>\n<p><!-- [et_pb_line_break_holder] -->      <pee style=\"color:#555; margin-bottom:10px;\">1 interpr\u00e9tation<\/pee><!-- [et_pb_line_break_holder] -->      <pee style=\"color:#1D7C4D; font-weight:bold; font-size:20px;\">Offerte<\/pee><!-- [et_pb_line_break_holder] -->    <\/div>\n<p><!-- [et_pb_line_break_holder] --><!-- [et_pb_line_break_holder] -->    <\/p>\n<div style=\"background:#ffffff; padding:35px; border-radius:16px; width:280px; box-shadow:0 15px 40px rgba(0,0,0,0.15); border:2px solid #1D7C4D;\"><!-- [et_pb_line_break_holder] -->      <\/p>\n<h3 style=\"color:#1D7C4D; font-size:24px; margin-bottom:12px;\">Contribution de soutien<\/h3>\n<p><!-- [et_pb_line_break_holder] -->      <pee style=\"color:#555; margin-bottom:10px;\">Jusqu\u2019\u00e0 20 interpr\u00e9tations sur 30 jours<\/pee><!-- [et_pb_line_break_holder] -->      <pee style=\"color:#1D7C4D; font-weight:bold; font-size:20px;\">2 500 FCFA \/ 4 \u20ac<\/pee><!-- [et_pb_line_break_holder] -->      <pee style=\"color:#6b7280; font-size:14px; line-height:1.6; margin-top:14px;\"><!-- [et_pb_line_break_holder] -->       <!-- [et_pb_line_break_holder] -->        Cette contribution aide \u00e0 soutenir les charges techniques et le maintien du service.<!-- [et_pb_line_break_holder] -->      <\/pee><!-- [et_pb_line_break_holder] -->    <\/div>\n<p><!-- [et_pb_line_break_holder] --><!-- [et_pb_line_break_holder] -->  <\/div>\n<p><!-- [et_pb_line_break_holder] --><!-- [et_pb_line_break_holder] --><\/div>\n<p>[\/et_pb_code][et_pb_code _builder_version=\u00a0\u00bb4.27.6&Prime; _module_preset=\u00a0\u00bbdefault\u00a0\u00bb global_colors_info=\u00a0\u00bb{}\u00a0\u00bb][\/et_pb_code][et_pb_code _builder_version=\u00a0\u00bb4.27.6&Prime; _module_preset=\u00a0\u00bbdefault\u00a0\u00bb global_colors_info=\u00a0\u00bb{}\u00a0\u00bb]<\/p>\n<div style=\"background:#0B1C3D; padding:90px 20px; text-align:center; font-family:Arial, sans-serif; border-radius:0;\"><!-- [et_pb_line_break_holder] -->  <\/p>\n<h2 style=\"font-size:32px; color:#ffffff; margin-bottom:18px;\"><!-- [et_pb_line_break_holder] -->    Une approche respectueuse et \u00e9clair\u00e9e<!-- [et_pb_line_break_holder] -->  <\/h2>\n<p><!-- [et_pb_line_break_holder] -->  <pee style=\"font-size:18px; color:#d9deea; max-width:850px; margin:0 auto; line-height:1.8;\"><!-- [et_pb_line_break_holder] -->    Les interpr\u00e9tations propos\u00e9es s\u2019inspirent de la tradition islamique classique. Elles ne constituent ni une v\u00e9rit\u00e9 absolue, ni une fatwa, ni une pr\u00e9diction certaine.<!-- [et_pb_line_break_holder] -->  <\/pee><!-- [et_pb_line_break_holder] --><\/div>\n<p>[\/et_pb_code][et_pb_code _builder_version=\u00a0\u00bb4.27.6&Prime; _module_preset=\u00a0\u00bbdefault\u00a0\u00bb global_colors_info=\u00a0\u00bb{}\u00a0\u00bb]<\/p>\n<div style=\"background:#ffffff; padding:100px 20px; text-align:center; font-family:Arial, sans-serif;\"><!-- [et_pb_line_break_holder] -->  <\/p>\n<h2 style=\"font-size:34px; color:#0B1C3D; margin-bottom:20px;\"><!-- [et_pb_line_break_holder] -->    Commencez d\u00e8s maintenant<!-- [et_pb_line_break_holder] -->  <\/h2>\n<p><!-- [et_pb_line_break_holder] -->  <pee style=\"font-size:18px; color:#555; margin-bottom:35px;\"><!-- [et_pb_line_break_holder] -->    D\u00e9couvrez une interpr\u00e9tation sobre, accessible et inspir\u00e9e des traditions islamiques.<!-- [et_pb_line_break_holder] -->  <\/pee><!-- [et_pb_line_break_holder] -->  <a href=\"#\" style=\"background:#0B1C3D; color:#ffffff; padding:14px 30px; border-radius:10px; text-decoration:none; font-size:18px; display:inline-block;\"><!-- [et_pb_line_break_holder] -->    Commencer<!-- [et_pb_line_break_holder] -->  <\/a><!-- [et_pb_line_break_holder] --><\/div>\n<p>[\/et_pb_code][et_pb_code _builder_version=\u00a0\u00bb4.27.6&Prime; _module_preset=\u00a0\u00bbdefault\u00a0\u00bb global_colors_info=\u00a0\u00bb{}\u00a0\u00bb][\/et_pb_code][\/et_pb_column][\/et_pb_row][\/et_pb_section]<\/p>\n","protected":false},"excerpt":{"rendered":"","protected":false},"author":1,"featured_media":0,"parent":0,"menu_order":0,"comment_status":"closed","ping_status":"closed","template":"","meta":{"_et_pb_use_builder":"on","_et_pb_old_content":"","_et_gb_content_width":"","footnotes":""},"class_list":["post-17","page","type-page","status-publish","hentry"],"_links":{"self":[{"href":"https:\/\/ruyaibnsirine.com\/en\/wp-json\/wp\/v2\/pages\/17","targetHints":{"allow":["GET"]}}],"collection":[{"href":"https:\/\/ruyaibnsirine.com\/en\/wp-json\/wp\/v2\/pages"}],"about":[{"href":"https:\/\/ruyaibnsirine.com\/en\/wp-json\/wp\/v2\/types\/page"}],"author":[{"embeddable":true,"href":"https:\/\/ruyaibnsirine.com\/en\/wp-json\/wp\/v2\/users\/1"}],"replies":[{"embeddable":true,"href":"https:\/\/ruyaibnsirine.com\/en\/wp-json\/wp\/v2\/comments?post=17"}],"version-history":[{"count":8,"href":"https:\/\/ruyaibnsirine.com\/en\/wp-json\/wp\/v2\/pages\/17\/revisions"}],"predecessor-version":[{"id":57,"href":"https:\/\/ruyaibnsirine.com\/en\/wp-json\/wp\/v2\/pages\/17\/revisions\/57"}],"wp:attachment":[{"href":"https:\/\/ruyaibnsirine.com\/en\/wp-json\/wp\/v2\/media?parent=17"}],"curies":[{"name":"wp","href":"https:\/\/api.w.org\/{rel}","templated":true}]}}