{"id":189,"date":"2026-04-13T11:43:33","date_gmt":"2026-04-13T11:43:33","guid":{"rendered":"https:\/\/ruyaibnsirine.com\/?page_id=189"},"modified":"2026-04-13T11:44:55","modified_gmt":"2026-04-13T11:44:55","slug":"confirmation-paiement-soutien","status":"publish","type":"page","link":"https:\/\/ruyaibnsirine.com\/en\/confirmation-paiement-soutien\/","title":{"rendered":"Confirmation-paiement-soutien"},"content":{"rendered":"<section class=\"ruya-confirm-page\">\n  <div class=\"ruya-confirm-wrap\">\n\n    <div class=\"ruya-confirm-card\">\n      <div class=\"ruya-confirm-kicker\">Contribution de soutien<\/div>\n      <h1>Paiement en cours de validation<\/h1>\n      <p class=\"ruya-confirm-lead\">\n        Merci pour votre contribution. Votre demande a bien \u00e9t\u00e9 enregistr\u00e9e.\n      <\/p>\n\n      <div class=\"ruya-confirm-box\">\n        <p>\n          D\u00e8s confirmation de votre paiement, votre acc\u00e8s \u00e0 l\u2019espace d\u2019interpr\u00e9tation sera activ\u00e9 pour\n          20 questions maximum valables pendant 30 jours.\n        <\/p>\n        <p>\n          Vous recevrez ensuite la confirmation de votre acc\u00e8s \u00e0 l\u2019adresse email renseign\u00e9e.\n        <\/p>\n      <\/div>\n\n      <div class=\"ruya-confirm-actions\">\n        <a href=\"\/en\/acces-inscription\/\" class=\"ruya-confirm-btn ruya-confirm-btn-secondary\">Retour \u00e0 l\u2019acc\u00e8s<\/a>\n        <a href=\"\/en\/\" class=\"ruya-confirm-btn ruya-confirm-btn-primary\">Retour \u00e0 l\u2019accueil<\/a>\n      <\/div>\n    <\/div>\n\n  <\/div>\n<\/section>\n\n<style>\n  .ruya-confirm-page{\n    background: linear-gradient(180deg, #07152f 0%, #0b1f47 100%);\n    min-height: 100vh;\n    padding: 80px 20px;\n  }\n\n  .ruya-confirm-wrap{\n    max-width: 860px;\n    margin: 0 auto;\n  }\n\n  .ruya-confirm-card{\n    background: rgba(8,20,50,0.80);\n    border: 1px solid rgba(201,162,72,0.22);\n    border-radius: 28px;\n    padding: 42px 34px;\n    box-shadow: 0 20px 50px rgba(0,0,0,0.24);\n    text-align: center;\n  }\n\n  .ruya-confirm-kicker{\n    color: #c8a85d;\n    font-family: Inter, sans-serif;\n    font-size: 15px;\n    font-weight: 700;\n    letter-spacing: 0.08em;\n    text-transform: uppercase;\n    margin-bottom: 14px;\n  }\n\n  .ruya-confirm-card h1{\n    margin: 0 0 16px;\n    color: #c8a85d;\n    font-family: Inter, sans-serif;\n    font-size: 46px;\n    font-weight: 800;\n    line-height: 1.15;\n  }\n\n  .ruya-confirm-lead{\n    margin: 0 0 28px;\n    color: #f3eee3;\n    font-family: Inter, sans-serif;\n    font-size: 22px;\n    line-height: 1.6;\n  }\n\n  .ruya-confirm-box{\n    background: rgba(255,255,255,0.04);\n    border: 1px solid rgba(201,162,72,0.16);\n    border-radius: 20px;\n    padding: 26px;\n    text-align: left;\n    margin-bottom: 28px;\n  }\n\n  .ruya-confirm-box p{\n    margin: 0 0 14px;\n    color: #d9deea;\n    font-family: Inter, sans-serif;\n    font-size: 18px;\n    line-height: 1.75;\n  }\n\n  .ruya-confirm-box p:last-child{\n    margin-bottom: 0;\n  }\n\n  .ruya-confirm-actions{\n    display: flex;\n    justify-content: center;\n    gap: 14px;\n    flex-wrap: wrap;\n  }\n\n  .ruya-confirm-btn{\n    display: inline-block;\n    padding: 16px 28px;\n    border-radius: 999px;\n    text-decoration: none;\n    font-family: Inter, sans-serif;\n    font-size: 17px;\n    font-weight: 700;\n    transition: all 0.2s ease;\n  }\n\n  .ruya-confirm-btn-primary{\n    background: #c8a85d;\n    color: #ffffff;\n  }\n\n  .ruya-confirm-btn-secondary{\n    background: transparent;\n    color: #f3eee3;\n    border: 1px solid rgba(201,162,72,0.35);\n  }\n\n  .ruya-confirm-btn:hover{\n    opacity: 0.95;\n  }\n\n  @media (max-width: 768px){\n    .ruya-confirm-page{\n      padding: 56px 16px;\n    }\n\n    .ruya-confirm-card{\n      padding: 30px 22px;\n      border-radius: 22px;\n    }\n\n    .ruya-confirm-card h1{\n      font-size: 34px;\n    }\n\n    .ruya-confirm-lead{\n      font-size: 18px;\n    }\n\n    .ruya-confirm-box p{\n      font-size: 16px;\n    }\n  }\n<\/style>","protected":false},"excerpt":{"rendered":"<p>Contribution de soutien Paiement en cours de validation Merci pour votre contribution. Votre demande a bien \u00e9t\u00e9 enregistr\u00e9e. D\u00e8s confirmation de votre paiement, votre acc\u00e8s \u00e0 l\u2019espace d\u2019interpr\u00e9tation sera activ\u00e9 pour 20 questions maximum valables pendant 30 jours. Vous recevrez ensuite la confirmation de votre acc\u00e8s \u00e0 l\u2019adresse email renseign\u00e9e. Retour \u00e0 l\u2019acc\u00e8s Retour \u00e0 [&hellip;]<\/p>\n","protected":false},"author":1,"featured_media":0,"parent":0,"menu_order":0,"comment_status":"closed","ping_status":"closed","template":"","meta":{"_et_pb_use_builder":"off","_et_pb_old_content":"","_et_gb_content_width":"","footnotes":""},"class_list":["post-189","page","type-page","status-publish","hentry"],"_links":{"self":[{"href":"https:\/\/ruyaibnsirine.com\/en\/wp-json\/wp\/v2\/pages\/189","targetHints":{"allow":["GET"]}}],"collection":[{"href":"https:\/\/ruyaibnsirine.com\/en\/wp-json\/wp\/v2\/pages"}],"about":[{"href":"https:\/\/ruyaibnsirine.com\/en\/wp-json\/wp\/v2\/types\/page"}],"author":[{"embeddable":true,"href":"https:\/\/ruyaibnsirine.com\/en\/wp-json\/wp\/v2\/users\/1"}],"replies":[{"embeddable":true,"href":"https:\/\/ruyaibnsirine.com\/en\/wp-json\/wp\/v2\/comments?post=189"}],"version-history":[{"count":3,"href":"https:\/\/ruyaibnsirine.com\/en\/wp-json\/wp\/v2\/pages\/189\/revisions"}],"predecessor-version":[{"id":192,"href":"https:\/\/ruyaibnsirine.com\/en\/wp-json\/wp\/v2\/pages\/189\/revisions\/192"}],"wp:attachment":[{"href":"https:\/\/ruyaibnsirine.com\/en\/wp-json\/wp\/v2\/media?parent=189"}],"curies":[{"name":"wp","href":"https:\/\/api.w.org\/{rel}","templated":true}]}}